{"id":7563,"date":"2025-08-05T15:46:12","date_gmt":"2025-08-05T15:46:12","guid":{"rendered":"https:\/\/huiledubled.ma\/?page_id=7563"},"modified":"2025-08-05T15:46:12","modified_gmt":"2025-08-05T15:46:12","slug":"mentions-legales","status":"publish","type":"page","link":"https:\/\/huiledubled.ma\/ar\/mentions-legales\/","title":{"rendered":"Mentions l\u00e9gales"},"content":{"rendered":"<p><b>1 &#8211; Editeur du site :<\/b><\/p>\n<p>Ce Site est \u00e9dit\u00e9 par Naciri Mohamed, personne physique, Adresse : Groupe 25 num\u00e9ro 13 Bouitat, CYM RABAT, MAROC.<\/p>\n<p>Nom de domaine du site www.huiledebled.com<\/p>\n<p>Contact : mdnaciri@yahoo.ma<\/p>\n<p><b>2 &#8211; H\u00e9bergement :<\/b><\/p>\n<p>L\u2019h\u00e9bergement est assur\u00e9 par la soci\u00e9t\u00e9 PHAINOCONSULTING<\/p>\n<p>https:\/\/phainoconsulting.com\/<\/p>\n<p><b>3 &#8211; Informations personnelles :<\/b><\/p>\n<p>Les donn\u00e9es \u00e0 caract\u00e8re personnel recueillies dans le cadre de ce site feront l\u2019objet d\u2019une d\u00e9claration \u00e0 la Commission Nationale de Contr\u00f4le des Donn\u00e9es \u00e0 caract\u00e8re Personnel (la CNDP) d\u00e8s l\u2019installation de cette derni\u00e8re en application de la loi 09-08 du 18 f\u00e9vrier 2009 relative \u00e0 la Protection des Personnes Physiques \u00e0 l&#8217;\u00e9gard du Traitement des Donn\u00e9es \u00e0 Caract\u00e8re Personnel. Les utilisateurs peuvent obtenir \u00e0 cet effet les renseignements n\u00e9cessaires aupr\u00e8s de cet organisme.<\/p>\n<p><b>4 &#8211; Propri\u00e9t\u00e9 intellectuelle :<\/b><\/p>\n<p>Ce site a \u00e9t\u00e9 d\u00e9velopp\u00e9 par la soci\u00e9t\u00e9 PHAINOCONSULTING, Le Site est la propri\u00e9t\u00e9 exclusive NACIRI Mohamed, seule habilit\u00e9e \u00e0 utiliser et exploiter les droits de propri\u00e9t\u00e9 intellectuelle et droits de la personnalit\u00e9 attach\u00e9e \u00e0 ce Site, notamment, les marques, dessins et mod\u00e8les, droits d\u2019auteur et droits \u00e0 l\u2019image, \u00e0 titre originaire ou par l\u2019effet d\u2019une cession ou d\u2019une licence d\u2019exploitation.<\/p>\n<p>L\u2019usage de tout ou partie du Site, notamment par t\u00e9l\u00e9chargement, reproduction, transmission ou repr\u00e9sentation \u00e0 d\u2019autres fonctions que pour un usage personnel et priv\u00e9 dans un but non commercial est strictement interdit.<\/p>\n","protected":false},"excerpt":{"rendered":"<p>1 &#8211; Editeur du site : Ce Site est \u00e9dit\u00e9 par Naciri Mohamed, personne physique, Adresse : Groupe 25 num\u00e9ro 13 Bouitat, CYM RABAT, MAROC. Nom de domaine du site www.huiledebled.com Contact : mdnaciri@yahoo.ma 2 &#8211; H\u00e9bergement : L\u2019h\u00e9bergement est assur\u00e9 par la soci\u00e9t\u00e9 PHAINOCONSULTING https:\/\/phainoconsulting.com\/ 3 &#8211; Informations personnelles : Les donn\u00e9es \u00e0 caract\u00e8re [&hellip;]<\/p>\n","protected":false},"author":1,"featured_media":0,"parent":0,"menu_order":0,"comment_status":"closed","ping_status":"closed","template":"","meta":{"_acf_changed":false,"_uag_custom_page_level_css":"","footnotes":""},"class_list":["post-7563","page","type-page","status-publish","hentry"],"acf":[],"aioseo_notices":[],"uagb_featured_image_src":{"full":false,"thumbnail":false,"medium":false,"medium_large":false,"large":false,"1536x1536":false,"2048x2048":false,"post-thumbnail":false,"freshio-recent-post":false,"freshio-post-grid":false,"woocommerce_thumbnail":false,"woocommerce_single":false,"woocommerce_gallery_thumbnail":false,"variation_swatches_image_size":false,"variation_swatches_tooltip_size":false,"woosc-large":false,"woosc-small":false,"woosq":false},"uagb_author_info":{"display_name":"test test","author_link":"https:\/\/huiledubled.ma\/ar\/author\/mohammed-acherratgmail-com\/"},"uagb_comment_info":0,"uagb_excerpt":"1 &#8211; Editeur du site : Ce Site est \u00e9dit\u00e9 par Naciri Mohamed, personne physique, Adresse : Groupe 25 num\u00e9ro 13 Bouitat, CYM RABAT, MAROC. Nom de domaine du site www.huiledebled.com Contact : mdnaciri@yahoo.ma 2 &#8211; H\u00e9bergement : L\u2019h\u00e9bergement est assur\u00e9 par la soci\u00e9t\u00e9 PHAINOCONSULTING https:\/\/phainoconsulting.com\/ 3 &#8211; Informations personnelles : Les donn\u00e9es \u00e0 caract\u00e8re&hellip;","_links":{"self":[{"href":"https:\/\/huiledubled.ma\/ar\/wp-json\/wp\/v2\/pages\/7563","targetHints":{"allow":["GET"]}}],"collection":[{"href":"https:\/\/huiledubled.ma\/ar\/wp-json\/wp\/v2\/pages"}],"about":[{"href":"https:\/\/huiledubled.ma\/ar\/wp-json\/wp\/v2\/types\/page"}],"author":[{"embeddable":true,"href":"https:\/\/huiledubled.ma\/ar\/wp-json\/wp\/v2\/users\/1"}],"replies":[{"embeddable":true,"href":"https:\/\/huiledubled.ma\/ar\/wp-json\/wp\/v2\/comments?post=7563"}],"version-history":[{"count":0,"href":"https:\/\/huiledubled.ma\/ar\/wp-json\/wp\/v2\/pages\/7563\/revisions"}],"wp:attachment":[{"href":"https:\/\/huiledubled.ma\/ar\/wp-json\/wp\/v2\/media?parent=7563"}],"curies":[{"name":"wp","href":"https:\/\/api.w.org\/{rel}","templated":true}]}}