{"id":7565,"date":"2025-08-05T15:47:04","date_gmt":"2025-08-05T15:47:04","guid":{"rendered":"https:\/\/huiledubled.ma\/?page_id=7565"},"modified":"2025-08-05T15:49:03","modified_gmt":"2025-08-05T15:49:03","slug":"mentions-legales-2","status":"publish","type":"page","link":"https:\/\/huiledubled.ma\/ar\/mentions-legales-2\/","title":{"rendered":"CGV (Conditions G\u00e9n\u00e9rales de Vente)"},"content":{"rendered":"<p><b>1.\u00c9CHANTILLONS DISPONIBLES AVANT VALIDATION DE COMMANDE :<\/b><\/p>\n<p><b><br \/>\n<\/b>Avant toute validation d\u00e9finitive de commande, le client a la possibilit\u00e9 de commander des \u00e9chantillons. Ces derniers proviennent de r\u00e9gions rigoureusement s\u00e9lectionn\u00e9es et refl\u00e8tent la diversit\u00e9 de nos cat\u00e9gories d\u2019huiles d\u2019olive, reconnues pour leurs ar\u00f4mes uniques et leur richesse gustative.<\/p>\n<p>Les \u00e9chantillons ne peuvent en aucun cas \u00eatre retourner suite \u00e0 leur commande<\/p>\n<p><b>2.PASSATION DE LA COMMANDE :<\/b><\/p>\n<p>Avant la validation de votre, vous pouvez commander nos \u00e9chantillons qui provient d\u2019un \u00e9ventail de r\u00e9gions bien s\u00e9lectionner, qui repr\u00e9sente<\/p>\n<p>Si vous souhaitez acheter un ou plusieurs produit(s) figurant sur huiledebled.com, vous devez s\u00e9lectionner chaque produit que vous souhaitez acheter et l&#8217;ajouter \u00e0 votre panier. Lorsque vous avez s\u00e9lectionn\u00e9 tous les produits que vous voulez acheter, vous pouvez confirmer le contenu de votre panier et passer la commande.<\/p>\n<p>A ce stade, vous serez redirig\u00e9 vers une page r\u00e9capitulant les d\u00e9tails des Produits que vous avez s\u00e9lectionn\u00e9s, ajouter ensuite les coordonn\u00e9es de la livraison (adresse, ville, code postal, t\u00e9l\u00e9phone) leur prix et les options de livraisons.<\/p>\n<p>Une fois que vous avez s\u00e9lectionn\u00e9 les modes de livraison et de paiement, vous pouvez passer votre commande.<\/p>\n<p>Apr\u00e8s avoir pass\u00e9 votre commande, nous vous adressons un message de confirmation par email. Nous vous contacterons par la suite par t\u00e9l\u00e9phone avant de confirmer les d\u00e9tails de votre commande (notamment vos coordonn\u00e9es) avant l\u2019envoi de vos articles.<\/p>\n<p><b>3.DISPONIBILIT\u00c9 DES PRODUITS :<\/b><\/p>\n<p>Les offres de produits sont valables tant qu&#8217;elles sont visibles sur le Site et dans la limite des stocks disponibles.<\/p>\n<p>Dans le cas exceptionnel o\u00f9 le produit command\u00e9 serait indisponible apr\u00e8s la validation d&#8217;une Commande, vous en serez inform\u00e9s dans les plus brefs par t\u00e9l\u00e9phone. Nous vous offrirons alors le choix d\u2019\u00e9changer le produit command\u00e9 ou d\u2019annuler la commande du produit indisponible.<\/p>\n<p><b>4.PRIX ET PAIEMENT :<\/b><\/p>\n<p>Tous les prix sont affich\u00e9s en MAD (dirhams marocains) toutes taxes comprises sauf indication contraire. huiledebled.com peut \u00e0 tout moment modifier les prix des produits qu&#8217;elle propose sur son Site.<\/p>\n<p>Les produits sont toujours factur\u00e9s sur la base des prix indiqu\u00e9s par huiledebled.com au moment de la confirmation de la Commande.<\/p>\n<p>Les prix indiqu\u00e9s au moment de la confirmation de la Commande comprennent alors les frais de livraison, lesquels peuvent \u00eatre diff\u00e9rents suivant les volumes et les lieux de r\u00e9sidence.<\/p>\n<p><b>5.MODE DE PAIEMENT :<\/b><\/p>\n<p>Le r\u00e8glement de votre commande s\u2019effectue uniquement \u00e0 la livraison (cash on delivery)<\/p>\n<p><b>6.LIVRAISON :<\/b><\/p>\n<p>Vous \u00eates est tenu de fournir les instructions n\u00e9cessaires et pr\u00e9cises \u00e0 huiledebled.com afin de nous permettre d\u2019ex\u00e9cuter les prestations de transport et de livraison qui nous sont confi\u00e9es et notamment, sans que cette liste ne soit exhaustive, le nom du destinataire des produits livr\u00e9s, l\u2019adresse compl\u00e8te o\u00f9 la livraison doit \u00eatre effectu\u00e9e, et un num\u00e9ro de t\u00e9l\u00e9phone o\u00f9 le destinataire des produits est joignable.<\/p>\n<p>Les d\u00e9lais de livraison sont donn\u00e9s \u00e0 titre indicatif et n&#8217;ont pas de valeur contractuelle. Les livraisons sont effectu\u00e9es \u00e0 l&#8217;adresse de livraison indiqu\u00e9e lors du processus de Commande et sont limit\u00e9es \u00e0 la r\u00e9gion rabat-sal\u00e9-Tamara.<\/p>\n<p>En cas de dommages subis par les produits, il appartient au destinataire ou au r\u00e9ceptionnaire de proc\u00e9der aux constatations et de les renseigner \u00e0 la livraison. En cas de refus des produits par le destinataire pour un motif s\u00e9rieux, la marchandise sera retourn\u00e9e aux frais de huiledebled.com.<\/p>\n","protected":false},"excerpt":{"rendered":"<p>1.\u00c9CHANTILLONS DISPONIBLES AVANT VALIDATION DE COMMANDE : Avant toute validation d\u00e9finitive de commande, le client a la possibilit\u00e9 de commander des \u00e9chantillons. Ces derniers proviennent de r\u00e9gions rigoureusement s\u00e9lectionn\u00e9es et refl\u00e8tent la diversit\u00e9 de nos cat\u00e9gories d\u2019huiles d\u2019olive, reconnues pour leurs ar\u00f4mes uniques et leur richesse gustative. Les \u00e9chantillons ne peuvent en aucun cas \u00eatre [&hellip;]<\/p>\n","protected":false},"author":1,"featured_media":0,"parent":0,"menu_order":0,"comment_status":"closed","ping_status":"closed","template":"","meta":{"_acf_changed":false,"_uag_custom_page_level_css":"","footnotes":""},"class_list":["post-7565","page","type-page","status-publish","hentry"],"acf":[],"aioseo_notices":[],"uagb_featured_image_src":{"full":false,"thumbnail":false,"medium":false,"medium_large":false,"large":false,"1536x1536":false,"2048x2048":false,"post-thumbnail":false,"freshio-recent-post":false,"freshio-post-grid":false,"woocommerce_thumbnail":false,"woocommerce_single":false,"woocommerce_gallery_thumbnail":false,"variation_swatches_image_size":false,"variation_swatches_tooltip_size":false,"woosc-large":false,"woosc-small":false,"woosq":false},"uagb_author_info":{"display_name":"test test","author_link":"https:\/\/huiledubled.ma\/ar\/author\/mohammed-acherratgmail-com\/"},"uagb_comment_info":0,"uagb_excerpt":"1.\u00c9CHANTILLONS DISPONIBLES AVANT VALIDATION DE COMMANDE : Avant toute validation d\u00e9finitive de commande, le client a la possibilit\u00e9 de commander des \u00e9chantillons. Ces derniers proviennent de r\u00e9gions rigoureusement s\u00e9lectionn\u00e9es et refl\u00e8tent la diversit\u00e9 de nos cat\u00e9gories d\u2019huiles d\u2019olive, reconnues pour leurs ar\u00f4mes uniques et leur richesse gustative. Les \u00e9chantillons ne peuvent en aucun cas \u00eatre&hellip;","_links":{"self":[{"href":"https:\/\/huiledubled.ma\/ar\/wp-json\/wp\/v2\/pages\/7565","targetHints":{"allow":["GET"]}}],"collection":[{"href":"https:\/\/huiledubled.ma\/ar\/wp-json\/wp\/v2\/pages"}],"about":[{"href":"https:\/\/huiledubled.ma\/ar\/wp-json\/wp\/v2\/types\/page"}],"author":[{"embeddable":true,"href":"https:\/\/huiledubled.ma\/ar\/wp-json\/wp\/v2\/users\/1"}],"replies":[{"embeddable":true,"href":"https:\/\/huiledubled.ma\/ar\/wp-json\/wp\/v2\/comments?post=7565"}],"version-history":[{"count":1,"href":"https:\/\/huiledubled.ma\/ar\/wp-json\/wp\/v2\/pages\/7565\/revisions"}],"predecessor-version":[{"id":7569,"href":"https:\/\/huiledubled.ma\/ar\/wp-json\/wp\/v2\/pages\/7565\/revisions\/7569"}],"wp:attachment":[{"href":"https:\/\/huiledubled.ma\/ar\/wp-json\/wp\/v2\/media?parent=7565"}],"curies":[{"name":"wp","href":"https:\/\/api.w.org\/{rel}","templated":true}]}}