{"id":7572,"date":"2025-08-05T15:50:41","date_gmt":"2025-08-05T15:50:41","guid":{"rendered":"https:\/\/huiledubled.ma\/?page_id=7572"},"modified":"2025-09-17T11:19:18","modified_gmt":"2025-09-17T11:19:18","slug":"livraison-paiement","status":"publish","type":"page","link":"https:\/\/huiledubled.ma\/ar\/livraison-paiement\/","title":{"rendered":"Livraison &#038; Paiement"},"content":{"rendered":"<p><b>1.Lieu de livraison\u00a0<\/b><\/p>\n<p>La livraison est assur\u00e9e uniquement sur le villes Rabat-Temara-Sal\u00e9<\/p>\n<p>Le d\u00e9lai de livraison est de 72h, ce d\u00e9lai est donn\u00e9 \u00e0 titre indicatif<\/p>\n<p>Pour toutes les autres ville Marocaines, comptez de 2 \u00e0 5 jours ouvrables apr\u00e8s validation de la commande.<\/p>\n<p>Il faut s\u2019attendre \u00e0 des frais de livraison suppl\u00e9mentaire en fonction du prestataire de service.<\/p>\n<p>Les frais de livraison seront communiqu\u00e9s d\u00e8s validation de la commande.<\/p>\n<p><b>1.1.Quoi faire en cas de retard de livraison et vers qui me renseigner ?<\/b><\/p>\n<p>Veuillez noter que les livraisons pourraient subir des retards en raison de jours f\u00e9ri\u00e9s, de week-ends et d&#8217;intemp\u00e9ries. Si vous avez des questions concernant la livraison de nos. Produits, n&#8217;h\u00e9sitez pas \u00e0 nous contacter sur le num\u00e9ro 0672392075<\/p>\n<p><b>1.2.Que faire si mon colis est endommag\u00e9 \u00e0 sa r\u00e9ception ?<\/b><\/p>\n<p>Lors de la livraison, vous devez imp\u00e9rativement demander \u00e0 contr\u00f4ler votre colis tant l\u2019ext\u00e9rieur que l\u2019int\u00e9rieur.<\/p>\n<p><b>2Paiement \u00e0 la livraison<\/b><\/p>\n<p>Payez en esp\u00e8ces d\u00e8s que vous recevez votre commande.<\/p>\n<p>Soyez certain d&#8217;avoir le montant exact du paiement.<\/p>\n<p>Notez que nous n&#8217;acceptons pas les ch\u00e8ques.<\/p>\n<p>Nous acceptons uniquement le paiement en Dirham Marocain<\/p>\n<p>&nbsp;<\/p>\n","protected":false},"excerpt":{"rendered":"<p>1.Lieu de livraison\u00a0 La livraison est assur\u00e9e uniquement sur le villes Rabat-Temara-Sal\u00e9 Le d\u00e9lai de livraison est de 72h, ce d\u00e9lai est donn\u00e9 \u00e0 titre indicatif Pour toutes les autres ville Marocaines, comptez de 2 \u00e0 5 jours ouvrables apr\u00e8s validation de la commande. Il faut s\u2019attendre \u00e0 des frais de livraison suppl\u00e9mentaire en fonction [&hellip;]<\/p>\n","protected":false},"author":1,"featured_media":0,"parent":0,"menu_order":0,"comment_status":"closed","ping_status":"closed","template":"","meta":{"_acf_changed":false,"_uag_custom_page_level_css":"","footnotes":""},"class_list":["post-7572","page","type-page","status-publish","hentry"],"acf":[],"aioseo_notices":[],"uagb_featured_image_src":{"full":false,"thumbnail":false,"medium":false,"medium_large":false,"large":false,"1536x1536":false,"2048x2048":false,"post-thumbnail":false,"freshio-recent-post":false,"freshio-post-grid":false,"woocommerce_thumbnail":false,"woocommerce_single":false,"woocommerce_gallery_thumbnail":false,"variation_swatches_image_size":false,"variation_swatches_tooltip_size":false,"woosc-large":false,"woosc-small":false,"woosq":false},"uagb_author_info":{"display_name":"test test","author_link":"https:\/\/huiledubled.ma\/ar\/author\/mohammed-acherratgmail-com\/"},"uagb_comment_info":0,"uagb_excerpt":"1.Lieu de livraison\u00a0 La livraison est assur\u00e9e uniquement sur le villes Rabat-Temara-Sal\u00e9 Le d\u00e9lai de livraison est de 72h, ce d\u00e9lai est donn\u00e9 \u00e0 titre indicatif Pour toutes les autres ville Marocaines, comptez de 2 \u00e0 5 jours ouvrables apr\u00e8s validation de la commande. Il faut s\u2019attendre \u00e0 des frais de livraison suppl\u00e9mentaire en fonction&hellip;","_links":{"self":[{"href":"https:\/\/huiledubled.ma\/ar\/wp-json\/wp\/v2\/pages\/7572","targetHints":{"allow":["GET"]}}],"collection":[{"href":"https:\/\/huiledubled.ma\/ar\/wp-json\/wp\/v2\/pages"}],"about":[{"href":"https:\/\/huiledubled.ma\/ar\/wp-json\/wp\/v2\/types\/page"}],"author":[{"embeddable":true,"href":"https:\/\/huiledubled.ma\/ar\/wp-json\/wp\/v2\/users\/1"}],"replies":[{"embeddable":true,"href":"https:\/\/huiledubled.ma\/ar\/wp-json\/wp\/v2\/comments?post=7572"}],"version-history":[{"count":1,"href":"https:\/\/huiledubled.ma\/ar\/wp-json\/wp\/v2\/pages\/7572\/revisions"}],"predecessor-version":[{"id":7686,"href":"https:\/\/huiledubled.ma\/ar\/wp-json\/wp\/v2\/pages\/7572\/revisions\/7686"}],"wp:attachment":[{"href":"https:\/\/huiledubled.ma\/ar\/wp-json\/wp\/v2\/media?parent=7572"}],"curies":[{"name":"wp","href":"https:\/\/api.w.org\/{rel}","templated":true}]}}